{"id":1110,"date":"2021-04-13T07:40:11","date_gmt":"2021-04-13T07:40:11","guid":{"rendered":"https:\/\/pfatisch.com\/?page_id=1110"},"modified":"2021-08-30T14:44:32","modified_gmt":"2021-08-30T12:44:32","slug":"il-caffe-pfatisch","status":"publish","type":"page","link":"https:\/\/pfatisch.com\/en\/il-caffe-pfatisch\/","title":{"rendered":"Pfatisch coffee"},"content":{"rendered":"<div data-elementor-type=\"wp-page\" data-elementor-id=\"1110\" class=\"elementor elementor-1110\" data-elementor-post-type=\"page\">\n\t\t\t\t\t\t<section class=\"elementor-section elementor-top-section elementor-element elementor-element-4e7b6561 elementor-section-boxed elementor-section-height-default elementor-section-height-default jltma-glass-effect-no\" data-id=\"4e7b6561\" data-element_type=\"section\" data-e-type=\"section\">\n\t\t\t\t\t\t\t<div class=\"elementor-background-overlay\"><\/div>\n\t\t\t\t\t\t\t<div class=\"elementor-container elementor-column-gap-default\">\n\t\t\t\t\t<div class=\"elementor-column elementor-col-100 elementor-top-column elementor-element elementor-element-1d29ea8d jltma-glass-effect-no\" data-id=\"1d29ea8d\" data-element_type=\"column\" data-e-type=\"column\">\n\t\t\t<div class=\"elementor-widget-wrap elementor-element-populated\">\n\t\t\t\t\t\t<section class=\"elementor-section elementor-inner-section elementor-element elementor-element-645eb6fb animated-slow elementor-section-boxed elementor-section-height-default elementor-section-height-default jltma-glass-effect-no elementor-invisible\" data-id=\"645eb6fb\" data-element_type=\"section\" data-e-type=\"section\" data-settings=\"{&quot;animation&quot;:&quot;zoomIn&quot;,&quot;animation_delay&quot;:300}\">\n\t\t\t\t\t\t<div class=\"elementor-container elementor-column-gap-default\">\n\t\t\t\t\t<div class=\"elementor-column elementor-col-100 elementor-inner-column elementor-element elementor-element-2ff23289 jltma-glass-effect-no\" data-id=\"2ff23289\" data-element_type=\"column\" data-e-type=\"column\">\n\t\t\t<div class=\"elementor-widget-wrap elementor-element-populated\">\n\t\t\t\t\t\t<div class=\"elementor-element elementor-element-6187b73a jltma-glass-effect-no elementor-widget elementor-widget-heading\" data-id=\"6187b73a\" data-element_type=\"widget\" data-e-type=\"widget\" data-widget_type=\"heading.default\">\n\t\t\t\t<div class=\"elementor-widget-container\">\n\t\t\t\t\t<h2 class=\"elementor-heading-title elementor-size-default\">Pfatisch coffee<\/h2>\t\t\t\t<\/div>\n\t\t\t\t<\/div>\n\t\t\t\t<div class=\"elementor-element elementor-element-b0742eb jltma-glass-effect-no elementor-widget elementor-widget-heading\" data-id=\"b0742eb\" data-element_type=\"widget\" data-e-type=\"widget\" data-widget_type=\"heading.default\">\n\t\t\t\t<div class=\"elementor-widget-container\">\n\t\t\t\t\t<h3 class=\"elementor-heading-title elementor-size-default\">Pfatisch coffee<\/h3>\t\t\t\t<\/div>\n\t\t\t\t<\/div>\n\t\t\t\t\t<\/div>\n\t\t<\/div>\n\t\t\t\t\t<\/div>\n\t\t<\/section>\n\t\t\t\t<section class=\"elementor-section elementor-inner-section elementor-element elementor-element-33ce2741 elementor-section-boxed elementor-section-height-default elementor-section-height-default jltma-glass-effect-no\" data-id=\"33ce2741\" data-element_type=\"section\" data-e-type=\"section\">\n\t\t\t\t\t\t<div class=\"elementor-container elementor-column-gap-default\">\n\t\t\t\t\t<div class=\"elementor-column elementor-col-50 elementor-inner-column elementor-element elementor-element-54efd8b3 jltma-glass-effect-no\" data-id=\"54efd8b3\" data-element_type=\"column\" data-e-type=\"column\">\n\t\t\t<div class=\"elementor-widget-wrap elementor-element-populated\">\n\t\t\t\t\t\t<div class=\"elementor-element elementor-element-e23f647 animated-slow jltma-glass-effect-no elementor-invisible elementor-widget elementor-widget-image\" data-id=\"e23f647\" data-element_type=\"widget\" data-e-type=\"widget\" data-settings=\"{&quot;_animation&quot;:&quot;fadeInLeft&quot;}\" data-widget_type=\"image.default\">\n\t\t\t\t<div class=\"elementor-widget-container\">\n\t\t\t\t\t\t\t\t\t\t\t\t\t\t\t<img decoding=\"async\" src=\"https:\/\/pfatisch.com\/wp-content\/uploads\/elementor\/thumbs\/pft-02-Sito-Immagine-Caffe-rk0suwgmgplvxr58n6mw1vlufoopdnwd4pis6to80w.jpg\" title=\"pft-02-Sito-Immagine-Caffe\" alt=\"pft-02-Sito-Immagine-Caffe\" loading=\"lazy\" \/>\t\t\t\t\t\t\t\t\t\t\t\t\t\t\t<\/div>\n\t\t\t\t<\/div>\n\t\t\t\t\t<\/div>\n\t\t<\/div>\n\t\t\t\t<div class=\"elementor-column elementor-col-50 elementor-inner-column elementor-element elementor-element-2c47d417 jltma-glass-effect-no\" data-id=\"2c47d417\" data-element_type=\"column\" data-e-type=\"column\">\n\t\t\t<div class=\"elementor-widget-wrap elementor-element-populated\">\n\t\t\t\t\t\t<div class=\"elementor-element elementor-element-d9874b2 animated-slow jltma-glass-effect-no elementor-invisible elementor-widget elementor-widget-text-editor\" data-id=\"d9874b2\" data-element_type=\"widget\" data-e-type=\"widget\" data-settings=\"{&quot;_animation&quot;:&quot;fadeInRight&quot;}\" data-widget_type=\"text-editor.default\">\n\t\t\t\t<div class=\"elementor-widget-container\">\n\t\t\t\t\t\t\t\t\tA new blend created from the experience and appreciation of Corrado Alberto (Caff\u00e8\nAlberto) and Francesco Ciocatto (Pfatisch). Two generations of roasters and master\nchocolatiers who, together, have created an extremely elegant aroma that pays homage to\nthe traditions of our city. \n\t\t\t\t\t\t\t\t<\/div>\n\t\t\t\t<\/div>\n\t\t\t\t\t<\/div>\n\t\t<\/div>\n\t\t\t\t\t<\/div>\n\t\t<\/section>\n\t\t\t\t<section class=\"elementor-section elementor-inner-section elementor-element elementor-element-8149709 elementor-section-boxed elementor-section-height-default elementor-section-height-default jltma-glass-effect-no\" data-id=\"8149709\" data-element_type=\"section\" data-e-type=\"section\">\n\t\t\t\t\t\t<div class=\"elementor-container elementor-column-gap-default\">\n\t\t\t\t\t<div class=\"elementor-column elementor-col-50 elementor-inner-column elementor-element elementor-element-b6a191e jltma-glass-effect-no\" data-id=\"b6a191e\" data-element_type=\"column\" data-e-type=\"column\">\n\t\t\t<div class=\"elementor-widget-wrap elementor-element-populated\">\n\t\t\t\t\t\t<div class=\"elementor-element elementor-element-ae4f5d0 animated-slow jltma-glass-effect-no elementor-invisible elementor-widget elementor-widget-text-editor\" data-id=\"ae4f5d0\" data-element_type=\"widget\" data-e-type=\"widget\" data-settings=\"{&quot;_animation&quot;:&quot;fadeInLeft&quot;}\" data-widget_type=\"text-editor.default\">\n\t\t\t\t<div class=\"elementor-widget-container\">\n\t\t\t\t\t\t\t\t\t<p>Called &#039;Miscela 1915&#039;, it is composed of 90% Arabica and 10% Robusta, extremely well\nbalanced, with a round and homogeneous taste, without any overtones.<br \/><br \/>It is available in an espresso version, in a box of 20 Nespresso-compatible capsules and in\na cylinder pack for mocha lovers.<\/p>\t\t\t\t\t\t\t\t<\/div>\n\t\t\t\t<\/div>\n\t\t\t\t\t<\/div>\n\t\t<\/div>\n\t\t\t\t<div class=\"elementor-column elementor-col-50 elementor-inner-column elementor-element elementor-element-20e7e63 jltma-glass-effect-no\" data-id=\"20e7e63\" data-element_type=\"column\" data-e-type=\"column\">\n\t\t\t<div class=\"elementor-widget-wrap elementor-element-populated\">\n\t\t\t\t\t\t<div class=\"elementor-element elementor-element-d1bbc19 animated-slow jltma-glass-effect-no elementor-invisible elementor-widget elementor-widget-image\" data-id=\"d1bbc19\" data-element_type=\"widget\" data-e-type=\"widget\" data-settings=\"{&quot;_animation&quot;:&quot;fadeInRight&quot;}\" data-widget_type=\"image.default\">\n\t\t\t\t<div class=\"elementor-widget-container\">\n\t\t\t\t\t\t\t\t\t\t\t\t\t\t\t<img decoding=\"async\" src=\"https:\/\/pfatisch.com\/wp-content\/uploads\/elementor\/thumbs\/pft-02-Sito-Immagine-Caffe-02-rk0suwgmgplvxr58n6mw1vlufoopdnwd4pis6to80w.jpg\" title=\"pft-02-Sito-Immagine-Caffe-02\" alt=\"pft-02-Sito-Immagine-Caffe-02\" loading=\"lazy\" \/>\t\t\t\t\t\t\t\t\t\t\t\t\t\t\t<\/div>\n\t\t\t\t<\/div>\n\t\t\t\t\t<\/div>\n\t\t<\/div>\n\t\t\t\t\t<\/div>\n\t\t<\/section>\n\t\t\t\t<section class=\"elementor-section elementor-inner-section elementor-element elementor-element-7b85c78 elementor-section-boxed elementor-section-height-default elementor-section-height-default jltma-glass-effect-no\" data-id=\"7b85c78\" data-element_type=\"section\" data-e-type=\"section\">\n\t\t\t\t\t\t<div class=\"elementor-container elementor-column-gap-default\">\n\t\t\t\t\t<div class=\"elementor-column elementor-col-50 elementor-inner-column elementor-element elementor-element-2fb22aa jltma-glass-effect-no\" data-id=\"2fb22aa\" data-element_type=\"column\" data-e-type=\"column\">\n\t\t\t<div class=\"elementor-widget-wrap elementor-element-populated\">\n\t\t\t\t\t\t<div class=\"elementor-element elementor-element-976c1a9 animated-slow jltma-glass-effect-no elementor-invisible elementor-widget elementor-widget-image\" data-id=\"976c1a9\" data-element_type=\"widget\" data-e-type=\"widget\" data-settings=\"{&quot;_animation&quot;:&quot;fadeInLeft&quot;}\" data-widget_type=\"image.default\">\n\t\t\t\t<div class=\"elementor-widget-container\">\n\t\t\t\t\t\t\t\t\t\t\t\t\t\t\t<img decoding=\"async\" src=\"https:\/\/pfatisch.com\/wp-content\/uploads\/elementor\/thumbs\/pft-02-Sito-Immagine-Caffe-03-rk0suwgmgplvxr58n6mw1vlufoopdnwd4pis6to80w.jpg\" title=\"pft-02-Sito-Immagine-Caffe-03\" alt=\"pft-02-Sito-Immagine-Caffe-03\" loading=\"lazy\" \/>\t\t\t\t\t\t\t\t\t\t\t\t\t\t\t<\/div>\n\t\t\t\t<\/div>\n\t\t\t\t\t<\/div>\n\t\t<\/div>\n\t\t\t\t<div class=\"elementor-column elementor-col-50 elementor-inner-column elementor-element elementor-element-2b04aa5 jltma-glass-effect-no\" data-id=\"2b04aa5\" data-element_type=\"column\" data-e-type=\"column\">\n\t\t\t<div class=\"elementor-widget-wrap elementor-element-populated\">\n\t\t\t\t\t\t<div class=\"elementor-element elementor-element-e227324 animated-slow jltma-glass-effect-no elementor-invisible elementor-widget elementor-widget-text-editor\" data-id=\"e227324\" data-element_type=\"widget\" data-e-type=\"widget\" data-settings=\"{&quot;_animation&quot;:&quot;fadeInRight&quot;}\" data-widget_type=\"text-editor.default\">\n\t\t\t\t<div class=\"elementor-widget-container\">\n\t\t\t\t\t\t\t\t\t<p>The higher presence of the Arabica blend allows the right proportion of caffeine to be\npresent, making our coffee also well-balanced in terms of intensity.<br \/><br \/>Coffee and chocolate stories in a cup for your palate.<\/p>\t\t\t\t\t\t\t\t<\/div>\n\t\t\t\t<\/div>\n\t\t\t\t\t<\/div>\n\t\t<\/div>\n\t\t\t\t\t<\/div>\n\t\t<\/section>\n\t\t\t\t\t<\/div>\n\t\t<\/div>\n\t\t\t\t\t<\/div>\n\t\t<\/section>\n\t\t\t\t<\/div>","protected":false},"excerpt":{"rendered":"<p>il caff\u00e8 pfatisch Il caff\u00e8 Pfatisch Una nuova miscela di caff\u00e8 ideata dall\u2019esperienza e dalla stima tra Corrado Alberto (Caff\u00e8 Alberto) e Francesco Ciocatto (Pfatisch). Due generazioni di artigiani della torrefazione e maestri cioccolatieri che insieme hanno dato vita ad un aroma estremamente elegante, onorando le tradizioni della nostra citt\u00e0. Prende il nome di \u201cMiscela&hellip; <a class=\"more-link\" href=\"https:\/\/pfatisch.com\/en\/il-caffe-pfatisch\/\">Continue reading <span class=\"screen-reader-text\">Pfatisch coffee<\/span><\/a><\/p>","protected":false},"author":2,"featured_media":0,"parent":0,"menu_order":0,"comment_status":"closed","ping_status":"closed","template":"elementor_canvas","meta":{"footnotes":""},"class_list":["post-1110","page","type-page","status-publish","hentry","entry"],"yoast_head":"<!-- This site is optimized with the Yoast SEO plugin v27.2 - https:\/\/yoast.com\/product\/yoast-seo-wordpress\/ -->\n<title>Il caff\u00e8 Pfatisch | Pfatisch<\/title>\n<meta name=\"robots\" content=\"index, follow, max-snippet:-1, max-image-preview:large, max-video-preview:-1\" \/>\n<link rel=\"canonical\" href=\"https:\/\/pfatisch.com\/en\/il-caffe-pfatisch\/\" \/>\n<meta property=\"og:locale\" content=\"en_GB\" \/>\n<meta property=\"og:type\" content=\"article\" \/>\n<meta property=\"og:title\" content=\"Il caff\u00e8 Pfatisch | Pfatisch\" \/>\n<meta property=\"og:description\" content=\"il caff\u00e8 pfatisch Il caff\u00e8 Pfatisch Una nuova miscela di caff\u00e8 ideata dall\u2019esperienza e dalla stima tra Corrado Alberto (Caff\u00e8 Alberto) e Francesco Ciocatto (Pfatisch). Due generazioni di artigiani della torrefazione e maestri cioccolatieri che insieme hanno dato vita ad un aroma estremamente elegante, onorando le tradizioni della nostra citt\u00e0. Prende il nome di \u201cMiscela&hellip; Continue reading Il caff\u00e8 Pfatisch\" \/>\n<meta property=\"og:url\" content=\"https:\/\/pfatisch.com\/en\/il-caffe-pfatisch\/\" \/>\n<meta property=\"og:site_name\" content=\"Pfatisch\" \/>\n<meta property=\"article:publisher\" content=\"https:\/\/www.facebook.com\/pfatisch1915\" \/>\n<meta property=\"article:modified_time\" content=\"2021-08-30T12:44:32+00:00\" \/>\n<meta property=\"og:image\" content=\"https:\/\/pfatisch.com\/wp-content\/uploads\/elementor\/thumbs\/pft-02-Sito-Immagine-Caffe-p631ibzbef63k1uwxtfhewpo07sed1xg01ekfvxbj4.jpg\" \/>\n<meta name=\"twitter:card\" content=\"summary_large_image\" \/>\n<meta name=\"twitter:label1\" content=\"Estimated reading time\" \/>\n\t<meta name=\"twitter:data1\" content=\"1 minute\" \/>\n<script type=\"application\/ld+json\" class=\"yoast-schema-graph\">{\"@context\":\"https:\/\/schema.org\",\"@graph\":[{\"@type\":\"WebPage\",\"@id\":\"https:\/\/pfatisch.com\/il-caffe-pfatisch\/\",\"url\":\"https:\/\/pfatisch.com\/il-caffe-pfatisch\/\",\"name\":\"Il caff\u00e8 Pfatisch | Pfatisch\",\"isPartOf\":{\"@id\":\"https:\/\/pfatisch.com\/#website\"},\"primaryImageOfPage\":{\"@id\":\"https:\/\/pfatisch.com\/il-caffe-pfatisch\/#primaryimage\"},\"image\":{\"@id\":\"https:\/\/pfatisch.com\/il-caffe-pfatisch\/#primaryimage\"},\"thumbnailUrl\":\"https:\/\/pfatisch.com\/wp-content\/uploads\/elementor\/thumbs\/pft-02-Sito-Immagine-Caffe-p631ibzbef63k1uwxtfhewpo07sed1xg01ekfvxbj4.jpg\",\"datePublished\":\"2021-04-13T07:40:11+00:00\",\"dateModified\":\"2021-08-30T12:44:32+00:00\",\"breadcrumb\":{\"@id\":\"https:\/\/pfatisch.com\/il-caffe-pfatisch\/#breadcrumb\"},\"inLanguage\":\"en-GB\",\"potentialAction\":[{\"@type\":\"ReadAction\",\"target\":[\"https:\/\/pfatisch.com\/il-caffe-pfatisch\/\"]}]},{\"@type\":\"ImageObject\",\"inLanguage\":\"en-GB\",\"@id\":\"https:\/\/pfatisch.com\/il-caffe-pfatisch\/#primaryimage\",\"url\":\"https:\/\/pfatisch.com\/wp-content\/uploads\/elementor\/thumbs\/pft-02-Sito-Immagine-Caffe-p631ibzbef63k1uwxtfhewpo07sed1xg01ekfvxbj4.jpg\",\"contentUrl\":\"https:\/\/pfatisch.com\/wp-content\/uploads\/elementor\/thumbs\/pft-02-Sito-Immagine-Caffe-p631ibzbef63k1uwxtfhewpo07sed1xg01ekfvxbj4.jpg\"},{\"@type\":\"BreadcrumbList\",\"@id\":\"https:\/\/pfatisch.com\/il-caffe-pfatisch\/#breadcrumb\",\"itemListElement\":[{\"@type\":\"ListItem\",\"position\":1,\"name\":\"Home\",\"item\":\"https:\/\/pfatisch.com\/\"},{\"@type\":\"ListItem\",\"position\":2,\"name\":\"Il caff\u00e8 Pfatisch\"}]},{\"@type\":\"WebSite\",\"@id\":\"https:\/\/pfatisch.com\/#website\",\"url\":\"https:\/\/pfatisch.com\/\",\"name\":\"Pfatisch\",\"description\":\"Tradizione dolciaria e raffinatezza\",\"publisher\":{\"@id\":\"https:\/\/pfatisch.com\/#organization\"},\"potentialAction\":[{\"@type\":\"SearchAction\",\"target\":{\"@type\":\"EntryPoint\",\"urlTemplate\":\"https:\/\/pfatisch.com\/?s={search_term_string}\"},\"query-input\":{\"@type\":\"PropertyValueSpecification\",\"valueRequired\":true,\"valueName\":\"search_term_string\"}}],\"inLanguage\":\"en-GB\"},{\"@type\":\"Organization\",\"@id\":\"https:\/\/pfatisch.com\/#organization\",\"name\":\"Pfatisch\",\"url\":\"https:\/\/pfatisch.com\/\",\"logo\":{\"@type\":\"ImageObject\",\"inLanguage\":\"en-GB\",\"@id\":\"https:\/\/pfatisch.com\/#\/schema\/logo\/image\/\",\"url\":\"https:\/\/pfatisch.com\/wp-content\/uploads\/2021\/03\/cropped-pft-02-ir002-00-Sito-Logo.png\",\"contentUrl\":\"https:\/\/pfatisch.com\/wp-content\/uploads\/2021\/03\/cropped-pft-02-ir002-00-Sito-Logo.png\",\"width\":1200,\"height\":562,\"caption\":\"Pfatisch\"},\"image\":{\"@id\":\"https:\/\/pfatisch.com\/#\/schema\/logo\/image\/\"},\"sameAs\":[\"https:\/\/www.facebook.com\/pfatisch1915\",\"https:\/\/www.instagram.com\/pfatisch1915torino\/\"]}]}<\/script>\n<!-- \/ Yoast SEO plugin. -->","yoast_head_json":{"title":"Il caff\u00e8 Pfatisch | Pfatisch","robots":{"index":"index","follow":"follow","max-snippet":"max-snippet:-1","max-image-preview":"max-image-preview:large","max-video-preview":"max-video-preview:-1"},"canonical":"https:\/\/pfatisch.com\/en\/il-caffe-pfatisch\/","og_locale":"en_GB","og_type":"article","og_title":"Il caff\u00e8 Pfatisch | Pfatisch","og_description":"il caff\u00e8 pfatisch Il caff\u00e8 Pfatisch Una nuova miscela di caff\u00e8 ideata dall\u2019esperienza e dalla stima tra Corrado Alberto (Caff\u00e8 Alberto) e Francesco Ciocatto (Pfatisch). Due generazioni di artigiani della torrefazione e maestri cioccolatieri che insieme hanno dato vita ad un aroma estremamente elegante, onorando le tradizioni della nostra citt\u00e0. Prende il nome di \u201cMiscela&hellip; Continue reading Il caff\u00e8 Pfatisch","og_url":"https:\/\/pfatisch.com\/en\/il-caffe-pfatisch\/","og_site_name":"Pfatisch","article_publisher":"https:\/\/www.facebook.com\/pfatisch1915","article_modified_time":"2021-08-30T12:44:32+00:00","og_image":[{"url":"https:\/\/pfatisch.com\/wp-content\/uploads\/elementor\/thumbs\/pft-02-Sito-Immagine-Caffe-p631ibzbef63k1uwxtfhewpo07sed1xg01ekfvxbj4.jpg","type":"","width":"","height":""}],"twitter_card":"summary_large_image","twitter_misc":{"Estimated reading time":"1 minute"},"schema":{"@context":"https:\/\/schema.org","@graph":[{"@type":"WebPage","@id":"https:\/\/pfatisch.com\/il-caffe-pfatisch\/","url":"https:\/\/pfatisch.com\/il-caffe-pfatisch\/","name":"Il caff\u00e8 Pfatisch | Pfatisch","isPartOf":{"@id":"https:\/\/pfatisch.com\/#website"},"primaryImageOfPage":{"@id":"https:\/\/pfatisch.com\/il-caffe-pfatisch\/#primaryimage"},"image":{"@id":"https:\/\/pfatisch.com\/il-caffe-pfatisch\/#primaryimage"},"thumbnailUrl":"https:\/\/pfatisch.com\/wp-content\/uploads\/elementor\/thumbs\/pft-02-Sito-Immagine-Caffe-p631ibzbef63k1uwxtfhewpo07sed1xg01ekfvxbj4.jpg","datePublished":"2021-04-13T07:40:11+00:00","dateModified":"2021-08-30T12:44:32+00:00","breadcrumb":{"@id":"https:\/\/pfatisch.com\/il-caffe-pfatisch\/#breadcrumb"},"inLanguage":"en-GB","potentialAction":[{"@type":"ReadAction","target":["https:\/\/pfatisch.com\/il-caffe-pfatisch\/"]}]},{"@type":"ImageObject","inLanguage":"en-GB","@id":"https:\/\/pfatisch.com\/il-caffe-pfatisch\/#primaryimage","url":"https:\/\/pfatisch.com\/wp-content\/uploads\/elementor\/thumbs\/pft-02-Sito-Immagine-Caffe-p631ibzbef63k1uwxtfhewpo07sed1xg01ekfvxbj4.jpg","contentUrl":"https:\/\/pfatisch.com\/wp-content\/uploads\/elementor\/thumbs\/pft-02-Sito-Immagine-Caffe-p631ibzbef63k1uwxtfhewpo07sed1xg01ekfvxbj4.jpg"},{"@type":"BreadcrumbList","@id":"https:\/\/pfatisch.com\/il-caffe-pfatisch\/#breadcrumb","itemListElement":[{"@type":"ListItem","position":1,"name":"Home","item":"https:\/\/pfatisch.com\/"},{"@type":"ListItem","position":2,"name":"Il caff\u00e8 Pfatisch"}]},{"@type":"WebSite","@id":"https:\/\/pfatisch.com\/#website","url":"https:\/\/pfatisch.com\/","name":"Pfatisch","description":"Tradizione dolciaria e raffinatezza","publisher":{"@id":"https:\/\/pfatisch.com\/#organization"},"potentialAction":[{"@type":"SearchAction","target":{"@type":"EntryPoint","urlTemplate":"https:\/\/pfatisch.com\/?s={search_term_string}"},"query-input":{"@type":"PropertyValueSpecification","valueRequired":true,"valueName":"search_term_string"}}],"inLanguage":"en-GB"},{"@type":"Organization","@id":"https:\/\/pfatisch.com\/#organization","name":"Pfatisch","url":"https:\/\/pfatisch.com\/","logo":{"@type":"ImageObject","inLanguage":"en-GB","@id":"https:\/\/pfatisch.com\/#\/schema\/logo\/image\/","url":"https:\/\/pfatisch.com\/wp-content\/uploads\/2021\/03\/cropped-pft-02-ir002-00-Sito-Logo.png","contentUrl":"https:\/\/pfatisch.com\/wp-content\/uploads\/2021\/03\/cropped-pft-02-ir002-00-Sito-Logo.png","width":1200,"height":562,"caption":"Pfatisch"},"image":{"@id":"https:\/\/pfatisch.com\/#\/schema\/logo\/image\/"},"sameAs":["https:\/\/www.facebook.com\/pfatisch1915","https:\/\/www.instagram.com\/pfatisch1915torino\/"]}]}},"_links":{"self":[{"href":"https:\/\/pfatisch.com\/en\/wp-json\/wp\/v2\/pages\/1110","targetHints":{"allow":["GET"]}}],"collection":[{"href":"https:\/\/pfatisch.com\/en\/wp-json\/wp\/v2\/pages"}],"about":[{"href":"https:\/\/pfatisch.com\/en\/wp-json\/wp\/v2\/types\/page"}],"author":[{"embeddable":true,"href":"https:\/\/pfatisch.com\/en\/wp-json\/wp\/v2\/users\/2"}],"replies":[{"embeddable":true,"href":"https:\/\/pfatisch.com\/en\/wp-json\/wp\/v2\/comments?post=1110"}],"version-history":[{"count":25,"href":"https:\/\/pfatisch.com\/en\/wp-json\/wp\/v2\/pages\/1110\/revisions"}],"predecessor-version":[{"id":2287,"href":"https:\/\/pfatisch.com\/en\/wp-json\/wp\/v2\/pages\/1110\/revisions\/2287"}],"wp:attachment":[{"href":"https:\/\/pfatisch.com\/en\/wp-json\/wp\/v2\/media?parent=1110"}],"curies":[{"name":"wp","href":"https:\/\/api.w.org\/{rel}","templated":true}]}}