{"id":1719,"date":"2021-05-20T09:53:51","date_gmt":"2021-05-20T09:53:51","guid":{"rendered":"https:\/\/pfatisch.com\/?page_id=1719"},"modified":"2023-09-18T09:39:11","modified_gmt":"2023-09-18T07:39:11","slug":"menu","status":"publish","type":"page","link":"https:\/\/pfatisch.com\/en\/menu\/","title":{"rendered":"Menu"},"content":{"rendered":"<div data-elementor-type=\"wp-page\" data-elementor-id=\"1719\" class=\"elementor elementor-1719\" data-elementor-post-type=\"page\">\n\t\t\t\t\t\t<section class=\"elementor-section elementor-inner-section elementor-element elementor-element-858e094 elementor-section-boxed elementor-section-height-default elementor-section-height-default jltma-glass-effect-no elementor-invisible\" data-id=\"858e094\" data-element_type=\"section\" data-e-type=\"section\" data-settings=\"{&quot;animation&quot;:&quot;zoomIn&quot;,&quot;animation_delay&quot;:300}\">\n\t\t\t\t\t\t<div class=\"elementor-container elementor-column-gap-default\">\n\t\t\t\t\t<div class=\"elementor-column elementor-col-100 elementor-inner-column elementor-element elementor-element-20110e1f jltma-glass-effect-no\" data-id=\"20110e1f\" data-element_type=\"column\" data-e-type=\"column\">\n\t\t\t<div class=\"elementor-widget-wrap elementor-element-populated\">\n\t\t\t\t\t\t<div class=\"elementor-element elementor-element-3e42384e jltma-glass-effect-no elementor-widget elementor-widget-heading\" data-id=\"3e42384e\" data-element_type=\"widget\" data-e-type=\"widget\" data-widget_type=\"heading.default\">\n\t\t\t\t<div class=\"elementor-widget-container\">\n\t\t\t\t\t<h2 class=\"elementor-heading-title elementor-size-default\">men\u00f9<\/h2>\t\t\t\t<\/div>\n\t\t\t\t<\/div>\n\t\t\t\t<div class=\"elementor-element elementor-element-18eb4d62 jltma-glass-effect-no elementor-widget elementor-widget-heading\" data-id=\"18eb4d62\" data-element_type=\"widget\" data-e-type=\"widget\" data-widget_type=\"heading.default\">\n\t\t\t\t<div class=\"elementor-widget-container\">\n\t\t\t\t\t<h3 class=\"elementor-heading-title elementor-size-default\">Menu<\/h3>\t\t\t\t<\/div>\n\t\t\t\t<\/div>\n\t\t\t\t\t<\/div>\n\t\t<\/div>\n\t\t\t\t\t<\/div>\n\t\t<\/section>\n\t\t\t\t<section class=\"elementor-section elementor-top-section elementor-element elementor-element-3f3af50 elementor-section-boxed elementor-section-height-default elementor-section-height-default jltma-glass-effect-no\" data-id=\"3f3af50\" data-element_type=\"section\" data-e-type=\"section\">\n\t\t\t\t\t\t<div class=\"elementor-container elementor-column-gap-default\">\n\t\t\t\t\t<div class=\"elementor-column elementor-col-50 elementor-top-column elementor-element elementor-element-05a7194 animated-slow jltma-glass-effect-no elementor-invisible\" data-id=\"05a7194\" data-element_type=\"column\" data-e-type=\"column\" data-settings=\"{&quot;animation&quot;:&quot;fadeInUp&quot;,&quot;animation_delay&quot;:500}\">\n\t\t\t<div class=\"elementor-widget-wrap elementor-element-populated\">\n\t\t\t\t\t\t<div class=\"elementor-element elementor-element-ce948ac jltma-glass-effect-no elementor-widget elementor-widget-image\" data-id=\"ce948ac\" data-element_type=\"widget\" data-e-type=\"widget\" data-widget_type=\"image.default\">\n\t\t\t\t<div class=\"elementor-widget-container\">\n\t\t\t\t\t\t\t\t\t\t\t\t\t\t\t<img fetchpriority=\"high\" decoding=\"async\" width=\"750\" height=\"750\" src=\"https:\/\/pfatisch.com\/wp-content\/uploads\/2021\/05\/pft-02-Sito-Immagine-Menu-Pranzo-02-1024x1024.jpg\" class=\"attachment-large size-large wp-image-2001\" alt=\"\" srcset=\"https:\/\/pfatisch.com\/wp-content\/uploads\/2021\/05\/pft-02-Sito-Immagine-Menu-Pranzo-02-1024x1024.jpg 1024w, https:\/\/pfatisch.com\/wp-content\/uploads\/2021\/05\/pft-02-Sito-Immagine-Menu-Pranzo-02-300x300.jpg 300w, https:\/\/pfatisch.com\/wp-content\/uploads\/2021\/05\/pft-02-Sito-Immagine-Menu-Pranzo-02-150x150.jpg 150w, https:\/\/pfatisch.com\/wp-content\/uploads\/2021\/05\/pft-02-Sito-Immagine-Menu-Pranzo-02-768x768.jpg 768w, https:\/\/pfatisch.com\/wp-content\/uploads\/2021\/05\/pft-02-Sito-Immagine-Menu-Pranzo-02-700x700.jpg 700w, https:\/\/pfatisch.com\/wp-content\/uploads\/2021\/05\/pft-02-Sito-Immagine-Menu-Pranzo-02.jpg 1200w\" sizes=\"(max-width: 750px) 100vw, 750px\" style=\"width:100%;height:100%;max-width:1200px\" \/>\t\t\t\t\t\t\t\t\t\t\t\t\t\t\t<\/div>\n\t\t\t\t<\/div>\n\t\t\t\t\t<\/div>\n\t\t<\/div>\n\t\t\t\t<div class=\"elementor-column elementor-col-50 elementor-top-column elementor-element elementor-element-716c6e2 animated-slow jltma-glass-effect-no elementor-invisible\" data-id=\"716c6e2\" data-element_type=\"column\" data-e-type=\"column\" data-settings=\"{&quot;animation&quot;:&quot;fadeInUp&quot;,&quot;animation_delay&quot;:500}\">\n\t\t\t<div class=\"elementor-widget-wrap elementor-element-populated\">\n\t\t\t\t\t\t<div class=\"elementor-element elementor-element-678acf1 jltma-glass-effect-no elementor-widget elementor-widget-image\" data-id=\"678acf1\" data-element_type=\"widget\" data-e-type=\"widget\" data-widget_type=\"image.default\">\n\t\t\t\t<div class=\"elementor-widget-container\">\n\t\t\t\t\t\t\t\t\t\t\t\t\t\t\t\t<a href=\"https:\/\/pfatisch.com\/wp-content\/uploads\/2023\/09\/menu-cocktail-online-ENG.pdf\">\n\t\t\t\t\t\t\t<img decoding=\"async\" width=\"750\" height=\"750\" src=\"https:\/\/pfatisch.com\/wp-content\/uploads\/2021\/06\/Post-Aperitivo-1024x1024.jpg\" class=\"attachment-large size-large wp-image-2164\" alt=\"\" srcset=\"https:\/\/pfatisch.com\/wp-content\/uploads\/2021\/06\/Post-Aperitivo-1024x1024.jpg 1024w, https:\/\/pfatisch.com\/wp-content\/uploads\/2021\/06\/Post-Aperitivo-300x300.jpg 300w, https:\/\/pfatisch.com\/wp-content\/uploads\/2021\/06\/Post-Aperitivo-150x150.jpg 150w, https:\/\/pfatisch.com\/wp-content\/uploads\/2021\/06\/Post-Aperitivo-768x768.jpg 768w, https:\/\/pfatisch.com\/wp-content\/uploads\/2021\/06\/Post-Aperitivo-1536x1536.jpg 1536w, https:\/\/pfatisch.com\/wp-content\/uploads\/2021\/06\/Post-Aperitivo-2048x2048.jpg 2048w, https:\/\/pfatisch.com\/wp-content\/uploads\/2021\/06\/Post-Aperitivo-700x700.jpg 700w, https:\/\/pfatisch.com\/wp-content\/uploads\/2021\/06\/Post-Aperitivo-1568x1568.jpg 1568w\" sizes=\"(max-width: 750px) 100vw, 750px\" style=\"width:100%;height:100%;max-width:2400px\" \/>\t\t\t\t\t\t\t\t<\/a>\n\t\t\t\t\t\t\t\t\t\t\t\t\t\t\t<\/div>\n\t\t\t\t<\/div>\n\t\t\t\t\t<\/div>\n\t\t<\/div>\n\t\t\t\t\t<\/div>\n\t\t<\/section>\n\t\t\t\t<section class=\"elementor-section elementor-top-section elementor-element elementor-element-323b564 elementor-section-boxed elementor-section-height-default elementor-section-height-default jltma-glass-effect-no\" data-id=\"323b564\" data-element_type=\"section\" data-e-type=\"section\">\n\t\t\t\t\t\t<div class=\"elementor-container elementor-column-gap-default\">\n\t\t\t\t\t<div class=\"elementor-column elementor-col-50 elementor-top-column elementor-element elementor-element-a325b55 animated-slow jltma-glass-effect-no\" data-id=\"a325b55\" data-element_type=\"column\" data-e-type=\"column\" data-settings=\"{&quot;background_background&quot;:&quot;classic&quot;,&quot;animation&quot;:&quot;none&quot;,&quot;animation_delay&quot;:300}\">\n\t\t\t<div class=\"elementor-widget-wrap elementor-element-populated\">\n\t\t\t\t\t<div class=\"elementor-background-overlay\"><\/div>\n\t\t\t\t\t\t<div class=\"elementor-element elementor-element-94ae83a animated-slow jltma-glass-effect-no elementor-invisible elementor-widget elementor-widget-heading\" data-id=\"94ae83a\" data-element_type=\"widget\" data-e-type=\"widget\" data-settings=\"{&quot;_animation&quot;:&quot;fadeInUp&quot;,&quot;_animation_delay&quot;:300}\" data-widget_type=\"heading.default\">\n\t\t\t\t<div class=\"elementor-widget-container\">\n\t\t\t\t\t<h2 class=\"elementor-heading-title elementor-size-default\">Lunch at the Patisserie<\/h2>\t\t\t\t<\/div>\n\t\t\t\t<\/div>\n\t\t\t\t\t<\/div>\n\t\t<\/div>\n\t\t\t\t<div class=\"elementor-column elementor-col-50 elementor-top-column elementor-element elementor-element-faa46c3 jltma-glass-effect-no\" data-id=\"faa46c3\" data-element_type=\"column\" data-e-type=\"column\">\n\t\t\t<div class=\"elementor-widget-wrap elementor-element-populated\">\n\t\t\t\t\t\t<div class=\"elementor-element elementor-element-6c4111f animated-slow jltma-glass-effect-no elementor-invisible elementor-widget elementor-widget-heading\" data-id=\"6c4111f\" data-element_type=\"widget\" data-e-type=\"widget\" data-settings=\"{&quot;_animation&quot;:&quot;fadeInUp&quot;,&quot;_animation_delay&quot;:300}\" data-widget_type=\"heading.default\">\n\t\t\t\t<div class=\"elementor-widget-container\">\n\t\t\t\t\t<h2 class=\"elementor-heading-title elementor-size-default\"><a href=\"https:\/\/pfatisch.com\/wp-content\/uploads\/2021\/06\/menu-cocktail.pdf\">Our Cocktails<\/a><\/h2>\t\t\t\t<\/div>\n\t\t\t\t<\/div>\n\t\t\t\t\t<\/div>\n\t\t<\/div>\n\t\t\t\t\t<\/div>\n\t\t<\/section>\n\t\t\t\t<section class=\"elementor-section elementor-top-section elementor-element elementor-element-938cc6b elementor-section-boxed elementor-section-height-default elementor-section-height-default jltma-glass-effect-no\" data-id=\"938cc6b\" data-element_type=\"section\" data-e-type=\"section\">\n\t\t\t\t\t\t<div class=\"elementor-container elementor-column-gap-default\">\n\t\t\t\t\t<div class=\"elementor-column elementor-col-100 elementor-top-column elementor-element elementor-element-616c3e3 jltma-glass-effect-no\" data-id=\"616c3e3\" data-element_type=\"column\" data-e-type=\"column\">\n\t\t\t<div class=\"elementor-widget-wrap elementor-element-populated\">\n\t\t\t\t\t\t<div class=\"elementor-element elementor-element-9d2a8b8 elementor-align-center animated-slow elementor-mobile-align-center jltma-glass-effect-no elementor-widget elementor-widget-button\" data-id=\"9d2a8b8\" data-element_type=\"widget\" data-e-type=\"widget\" data-settings=\"{&quot;_animation&quot;:&quot;none&quot;,&quot;_animation_delay&quot;:300}\" data-widget_type=\"button.default\">\n\t\t\t\t<div class=\"elementor-widget-container\">\n\t\t\t\t\t\t\t\t\t<div class=\"elementor-button-wrapper\">\n\t\t\t\t\t<a class=\"elementor-button elementor-button-link elementor-size-sm\" href=\"https:\/\/pfatisch.com\/en\/contatti\/\">\n\t\t\t\t\t\t<span class=\"elementor-button-content-wrapper\">\n\t\t\t\t\t\t\t\t\t<span class=\"elementor-button-text\">BOOK A TABLE<\/span>\n\t\t\t\t\t<\/span>\n\t\t\t\t\t<\/a>\n\t\t\t\t<\/div>\n\t\t\t\t\t\t\t\t<\/div>\n\t\t\t\t<\/div>\n\t\t\t\t\t<\/div>\n\t\t<\/div>\n\t\t\t\t\t<\/div>\n\t\t<\/section>\n\t\t\t\t<section class=\"elementor-section elementor-top-section elementor-element elementor-element-f0a761a elementor-section-boxed elementor-section-height-default elementor-section-height-default jltma-glass-effect-no\" data-id=\"f0a761a\" data-element_type=\"section\" data-e-type=\"section\">\n\t\t\t\t\t\t<div class=\"elementor-container elementor-column-gap-default\">\n\t\t\t\t\t<div class=\"elementor-column elementor-col-100 elementor-top-column elementor-element elementor-element-435f7f8 jltma-glass-effect-no\" data-id=\"435f7f8\" data-element_type=\"column\" data-e-type=\"column\">\n\t\t\t<div class=\"elementor-widget-wrap elementor-element-populated\">\n\t\t\t\t\t\t<div class=\"elementor-element elementor-element-9e66ca5 jltma-glass-effect-no elementor-widget elementor-widget-spacer\" data-id=\"9e66ca5\" data-element_type=\"widget\" data-e-type=\"widget\" data-widget_type=\"spacer.default\">\n\t\t\t\t<div class=\"elementor-widget-container\">\n\t\t\t\t\t\t\t<div class=\"elementor-spacer\">\n\t\t\t<div class=\"elementor-spacer-inner\"><\/div>\n\t\t<\/div>\n\t\t\t\t\t\t<\/div>\n\t\t\t\t<\/div>\n\t\t\t\t\t<\/div>\n\t\t<\/div>\n\t\t\t\t\t<\/div>\n\t\t<\/section>\n\t\t\t\t<\/div>","protected":false},"excerpt":{"rendered":"<p>men\u00f9 Men\u00f9 il pranzo da pasticceria Cocktail Prenota il tuo tavolo<\/p>","protected":false},"author":2,"featured_media":0,"parent":0,"menu_order":0,"comment_status":"closed","ping_status":"closed","template":"elementor_canvas","meta":{"footnotes":""},"class_list":["post-1719","page","type-page","status-publish","hentry","entry"],"yoast_head":"<!-- This site is optimized with the Yoast SEO plugin v27.2 - https:\/\/yoast.com\/product\/yoast-seo-wordpress\/ -->\n<title>Men\u00f9 | Pfatisch<\/title>\n<meta name=\"robots\" content=\"index, follow, max-snippet:-1, max-image-preview:large, max-video-preview:-1\" \/>\n<link rel=\"canonical\" href=\"https:\/\/pfatisch.com\/en\/menu\/\" \/>\n<meta property=\"og:locale\" content=\"en_GB\" \/>\n<meta property=\"og:type\" content=\"article\" \/>\n<meta property=\"og:title\" content=\"Men\u00f9 | Pfatisch\" \/>\n<meta property=\"og:description\" content=\"men\u00f9 Men\u00f9 il pranzo da pasticceria Cocktail Prenota il tuo tavolo\" \/>\n<meta property=\"og:url\" content=\"https:\/\/pfatisch.com\/en\/menu\/\" \/>\n<meta property=\"og:site_name\" content=\"Pfatisch\" \/>\n<meta property=\"article:publisher\" content=\"https:\/\/www.facebook.com\/pfatisch1915\" \/>\n<meta property=\"article:modified_time\" content=\"2023-09-18T07:39:11+00:00\" \/>\n<meta property=\"og:image\" content=\"https:\/\/pfatisch.com\/wp-content\/uploads\/2021\/05\/pft-02-Sito-Immagine-Menu-Pranzo-02.jpg\" \/>\n\t<meta property=\"og:image:width\" content=\"1200\" \/>\n\t<meta property=\"og:image:height\" content=\"1200\" \/>\n\t<meta property=\"og:image:type\" content=\"image\/jpeg\" \/>\n<meta name=\"twitter:card\" content=\"summary_large_image\" \/>\n<script type=\"application\/ld+json\" class=\"yoast-schema-graph\">{\"@context\":\"https:\/\/schema.org\",\"@graph\":[{\"@type\":\"WebPage\",\"@id\":\"https:\/\/pfatisch.com\/menu\/\",\"url\":\"https:\/\/pfatisch.com\/menu\/\",\"name\":\"Men\u00f9 | Pfatisch\",\"isPartOf\":{\"@id\":\"https:\/\/pfatisch.com\/#website\"},\"primaryImageOfPage\":{\"@id\":\"https:\/\/pfatisch.com\/menu\/#primaryimage\"},\"image\":{\"@id\":\"https:\/\/pfatisch.com\/menu\/#primaryimage\"},\"thumbnailUrl\":\"https:\/\/pfatisch.com\/wp-content\/uploads\/2021\/05\/pft-02-Sito-Immagine-Menu-Pranzo-02-1024x1024.jpg\",\"datePublished\":\"2021-05-20T09:53:51+00:00\",\"dateModified\":\"2023-09-18T07:39:11+00:00\",\"breadcrumb\":{\"@id\":\"https:\/\/pfatisch.com\/menu\/#breadcrumb\"},\"inLanguage\":\"en-GB\",\"potentialAction\":[{\"@type\":\"ReadAction\",\"target\":[\"https:\/\/pfatisch.com\/menu\/\"]}]},{\"@type\":\"ImageObject\",\"inLanguage\":\"en-GB\",\"@id\":\"https:\/\/pfatisch.com\/menu\/#primaryimage\",\"url\":\"https:\/\/pfatisch.com\/wp-content\/uploads\/2021\/05\/pft-02-Sito-Immagine-Menu-Pranzo-02-1024x1024.jpg\",\"contentUrl\":\"https:\/\/pfatisch.com\/wp-content\/uploads\/2021\/05\/pft-02-Sito-Immagine-Menu-Pranzo-02-1024x1024.jpg\"},{\"@type\":\"BreadcrumbList\",\"@id\":\"https:\/\/pfatisch.com\/menu\/#breadcrumb\",\"itemListElement\":[{\"@type\":\"ListItem\",\"position\":1,\"name\":\"Home\",\"item\":\"https:\/\/pfatisch.com\/\"},{\"@type\":\"ListItem\",\"position\":2,\"name\":\"Men\u00f9\"}]},{\"@type\":\"WebSite\",\"@id\":\"https:\/\/pfatisch.com\/#website\",\"url\":\"https:\/\/pfatisch.com\/\",\"name\":\"Pfatisch\",\"description\":\"Tradizione dolciaria e raffinatezza\",\"publisher\":{\"@id\":\"https:\/\/pfatisch.com\/#organization\"},\"potentialAction\":[{\"@type\":\"SearchAction\",\"target\":{\"@type\":\"EntryPoint\",\"urlTemplate\":\"https:\/\/pfatisch.com\/?s={search_term_string}\"},\"query-input\":{\"@type\":\"PropertyValueSpecification\",\"valueRequired\":true,\"valueName\":\"search_term_string\"}}],\"inLanguage\":\"en-GB\"},{\"@type\":\"Organization\",\"@id\":\"https:\/\/pfatisch.com\/#organization\",\"name\":\"Pfatisch\",\"url\":\"https:\/\/pfatisch.com\/\",\"logo\":{\"@type\":\"ImageObject\",\"inLanguage\":\"en-GB\",\"@id\":\"https:\/\/pfatisch.com\/#\/schema\/logo\/image\/\",\"url\":\"https:\/\/pfatisch.com\/wp-content\/uploads\/2021\/03\/cropped-pft-02-ir002-00-Sito-Logo.png\",\"contentUrl\":\"https:\/\/pfatisch.com\/wp-content\/uploads\/2021\/03\/cropped-pft-02-ir002-00-Sito-Logo.png\",\"width\":1200,\"height\":562,\"caption\":\"Pfatisch\"},\"image\":{\"@id\":\"https:\/\/pfatisch.com\/#\/schema\/logo\/image\/\"},\"sameAs\":[\"https:\/\/www.facebook.com\/pfatisch1915\",\"https:\/\/www.instagram.com\/pfatisch1915torino\/\"]}]}<\/script>\n<!-- \/ Yoast SEO plugin. -->","yoast_head_json":{"title":"Men\u00f9 | Pfatisch","robots":{"index":"index","follow":"follow","max-snippet":"max-snippet:-1","max-image-preview":"max-image-preview:large","max-video-preview":"max-video-preview:-1"},"canonical":"https:\/\/pfatisch.com\/en\/menu\/","og_locale":"en_GB","og_type":"article","og_title":"Men\u00f9 | Pfatisch","og_description":"men\u00f9 Men\u00f9 il pranzo da pasticceria Cocktail Prenota il tuo tavolo","og_url":"https:\/\/pfatisch.com\/en\/menu\/","og_site_name":"Pfatisch","article_publisher":"https:\/\/www.facebook.com\/pfatisch1915","article_modified_time":"2023-09-18T07:39:11+00:00","og_image":[{"width":1200,"height":1200,"url":"https:\/\/pfatisch.com\/wp-content\/uploads\/2021\/05\/pft-02-Sito-Immagine-Menu-Pranzo-02.jpg","type":"image\/jpeg"}],"twitter_card":"summary_large_image","schema":{"@context":"https:\/\/schema.org","@graph":[{"@type":"WebPage","@id":"https:\/\/pfatisch.com\/menu\/","url":"https:\/\/pfatisch.com\/menu\/","name":"Men\u00f9 | Pfatisch","isPartOf":{"@id":"https:\/\/pfatisch.com\/#website"},"primaryImageOfPage":{"@id":"https:\/\/pfatisch.com\/menu\/#primaryimage"},"image":{"@id":"https:\/\/pfatisch.com\/menu\/#primaryimage"},"thumbnailUrl":"https:\/\/pfatisch.com\/wp-content\/uploads\/2021\/05\/pft-02-Sito-Immagine-Menu-Pranzo-02-1024x1024.jpg","datePublished":"2021-05-20T09:53:51+00:00","dateModified":"2023-09-18T07:39:11+00:00","breadcrumb":{"@id":"https:\/\/pfatisch.com\/menu\/#breadcrumb"},"inLanguage":"en-GB","potentialAction":[{"@type":"ReadAction","target":["https:\/\/pfatisch.com\/menu\/"]}]},{"@type":"ImageObject","inLanguage":"en-GB","@id":"https:\/\/pfatisch.com\/menu\/#primaryimage","url":"https:\/\/pfatisch.com\/wp-content\/uploads\/2021\/05\/pft-02-Sito-Immagine-Menu-Pranzo-02-1024x1024.jpg","contentUrl":"https:\/\/pfatisch.com\/wp-content\/uploads\/2021\/05\/pft-02-Sito-Immagine-Menu-Pranzo-02-1024x1024.jpg"},{"@type":"BreadcrumbList","@id":"https:\/\/pfatisch.com\/menu\/#breadcrumb","itemListElement":[{"@type":"ListItem","position":1,"name":"Home","item":"https:\/\/pfatisch.com\/"},{"@type":"ListItem","position":2,"name":"Men\u00f9"}]},{"@type":"WebSite","@id":"https:\/\/pfatisch.com\/#website","url":"https:\/\/pfatisch.com\/","name":"Pfatisch","description":"Tradizione dolciaria e raffinatezza","publisher":{"@id":"https:\/\/pfatisch.com\/#organization"},"potentialAction":[{"@type":"SearchAction","target":{"@type":"EntryPoint","urlTemplate":"https:\/\/pfatisch.com\/?s={search_term_string}"},"query-input":{"@type":"PropertyValueSpecification","valueRequired":true,"valueName":"search_term_string"}}],"inLanguage":"en-GB"},{"@type":"Organization","@id":"https:\/\/pfatisch.com\/#organization","name":"Pfatisch","url":"https:\/\/pfatisch.com\/","logo":{"@type":"ImageObject","inLanguage":"en-GB","@id":"https:\/\/pfatisch.com\/#\/schema\/logo\/image\/","url":"https:\/\/pfatisch.com\/wp-content\/uploads\/2021\/03\/cropped-pft-02-ir002-00-Sito-Logo.png","contentUrl":"https:\/\/pfatisch.com\/wp-content\/uploads\/2021\/03\/cropped-pft-02-ir002-00-Sito-Logo.png","width":1200,"height":562,"caption":"Pfatisch"},"image":{"@id":"https:\/\/pfatisch.com\/#\/schema\/logo\/image\/"},"sameAs":["https:\/\/www.facebook.com\/pfatisch1915","https:\/\/www.instagram.com\/pfatisch1915torino\/"]}]}},"_links":{"self":[{"href":"https:\/\/pfatisch.com\/en\/wp-json\/wp\/v2\/pages\/1719","targetHints":{"allow":["GET"]}}],"collection":[{"href":"https:\/\/pfatisch.com\/en\/wp-json\/wp\/v2\/pages"}],"about":[{"href":"https:\/\/pfatisch.com\/en\/wp-json\/wp\/v2\/types\/page"}],"author":[{"embeddable":true,"href":"https:\/\/pfatisch.com\/en\/wp-json\/wp\/v2\/users\/2"}],"replies":[{"embeddable":true,"href":"https:\/\/pfatisch.com\/en\/wp-json\/wp\/v2\/comments?post=1719"}],"version-history":[{"count":88,"href":"https:\/\/pfatisch.com\/en\/wp-json\/wp\/v2\/pages\/1719\/revisions"}],"predecessor-version":[{"id":2959,"href":"https:\/\/pfatisch.com\/en\/wp-json\/wp\/v2\/pages\/1719\/revisions\/2959"}],"wp:attachment":[{"href":"https:\/\/pfatisch.com\/en\/wp-json\/wp\/v2\/media?parent=1719"}],"curies":[{"name":"wp","href":"https:\/\/api.w.org\/{rel}","templated":true}]}}